{"id":65,"date":"2019-01-05T23:21:06","date_gmt":"2019-01-05T22:21:06","guid":{"rendered":"http:\/\/wordpress.judo-steinheim.de\/?page_id=65"},"modified":"2022-05-17T22:43:45","modified_gmt":"2022-05-17T20:43:45","slug":"2015-2","status":"publish","type":"page","link":"https:\/\/www.judo-steinheim.de\/index.php\/erfolge-2023\/erfolge-2022\/archiv\/2015-2\/","title":{"rendered":"Erfolge 2015"},"content":{"rendered":"\n<h2 class=\"wp-block-heading\">u10<\/h2>\n\n\n\n<h5 class=\"wp-block-heading\">Nordw\u00fcrttembergische Mannschaftsmeisterschaften <\/h5>\n\n\n\n<p>1. Platz JudoTeam Steinheim m\u00e4nnlich<\/p>\n\n\n\n<h5 class=\"wp-block-heading\">Bezirksmannschaftsmeisterschaften <\/h5>\n\n\n\n<p>2. Platz JudoTeam Steinheim m\u00e4nnlich <\/p>\n\n\n\n<h2 class=\"wp-block-heading\">u12<\/h2>\n\n\n\n<h5 class=\"wp-block-heading\">W\u00fcrttembergische Einzelmeisterschaften <\/h5>\n\n\n\n<p>1. Platz Luca Stadlmeier<\/p>\n\n\n\n<h5 class=\"wp-block-heading\">Nordw\u00fcrttembergische Einzelmeisterschaften <\/h5>\n\n\n\n<p>1. Platz Luca Stadlmeir<br>3. Platz Franziska Fleischle, Dilay Yilmaz, Julius Stadtfeld<\/p>\n\n\n\n<h5 class=\"wp-block-heading\">Bezirkseinzelmeisterschaften<\/h5>\n\n\n\n<p>1. Platz Luca Stadlmeir, Franziska Fleischle<br>2. Platz Julius Stadtfeld, Dilay Yilmaz<br>3. Platz Mats Morlok, Malte Kritzer, Colin Rieg<\/p>\n\n\n\n<h5 class=\"wp-block-heading\">Bezirksmannschaftsmeisterschaften <\/h5>\n\n\n\n<p>2. Platz JudoTeam Steinheim m\u00e4nnlich <\/p>\n\n\n\n<h2 class=\"wp-block-heading\">u13<\/h2>\n\n\n\n<h5 class=\"wp-block-heading\">Offene Baden-W\u00fcrttembergische Einzelmeisterschaften<\/h5>\n\n\n\n<p>1. Platz Moritz Fischer<br>2. Platz Olivia Siegemund<\/p>\n\n\n\n<h2 class=\"wp-block-heading\">u15<\/h2>\n\n\n\n<h5 class=\"wp-block-heading\">S\u00fcddeutsche Einzelmeisterschaften <\/h5>\n\n\n\n<p>3. Platz Olivia Siegemund<\/p>\n\n\n\n<h5 class=\"wp-block-heading\">W\u00fcrttembergische Einzelmeisterschaften <\/h5>\n\n\n\n<p>2. Platz Olivia Siegemund, Annika Rehn <\/p>\n\n\n\n<h5 class=\"wp-block-heading\">Nordw\u00fcrttembergische Einzelmeisterschaften <\/h5>\n\n\n\n<p>1. Platz Olivia Siegemund, Annika Rehn <\/p>\n\n\n\n<h5 class=\"wp-block-heading\">Offene Baden-W\u00fcrttembergische Einzelmeisterschaften<\/h5>\n\n\n\n<p>1. Platz Olivia Siegemund<br>2. Platz Annika Rehn<br><\/p>\n\n\n\n<h2 class=\"wp-block-heading\">u18<\/h2>\n\n\n\n<h5 class=\"wp-block-heading\">W\u00fcrttembergische Einzelmeisterschaften<\/h5>\n\n\n\n<p>1. Platz Jana Scheffold<br>3. Platz Sinan Yilmaz, Fabia R\u00f6sch<\/p>\n\n\n\n<h5 class=\"wp-block-heading\">Nordw\u00fcrttembergische Einzelmeisterschaften<\/h5>\n\n\n\n<p>1. Platz Lena-Sophie Rehn<br>3. Platz Fabia R\u00f6sch<\/p>\n\n\n\n<h5 class=\"wp-block-heading\">S\u00fcddeutsche Mannschaftsmeisterschaften<\/h5>\n\n\n\n<p>3. Platz (mit JZ Heubach) <\/p>\n\n\n\n<h2 class=\"wp-block-heading\">u21<\/h2>\n\n\n\n<h5 class=\"wp-block-heading\">Deutsche Einzelmeisterschaften<\/h5>\n\n\n\n<p>2. Platz Rebecca Br\u00e4uninger<\/p>\n\n\n\n<h5 class=\"wp-block-heading\">S\u00fcddeutsche Einzelmeisterschaften<\/h5>\n\n\n\n<p>3. Platz Lena-Sophie Rehn, Guido Kramer<\/p>\n\n\n\n<h5 class=\"wp-block-heading\">W\u00fcrttembergische Einzelmeisterschaften<\/h5>\n\n\n\n<p>1. Platz Catrin Schopper<br>2. Platz Moritz Huber, Peter Br\u00fcck<br>3. Platz Jan K\u00f6nig<\/p>\n\n\n\n<h2 class=\"wp-block-heading\">Frauen &amp; M\u00e4nner<\/h2>\n\n\n\n<h5 class=\"wp-block-heading\">Deutsche Pokalmeisterschaften<\/h5>\n\n\n\n<p>3. Platz Jana Scheffold<\/p>\n\n\n\n<h5 class=\"wp-block-heading\">Baden-W\u00fcrttembergische Einzelmeisterschaften<\/h5>\n\n\n\n<p>1. Platz Guido Kramer<br>3. Platz Felix Huber<\/p>\n\n\n\n<h5 class=\"wp-block-heading\">W\u00fcrttenbergliga M\u00e4nner<\/h5>\n\n\n\n<p>2. Platz JudoTeam Steinheim<\/p>\n\n\n\n<h5 class=\"wp-block-heading\">W\u00fcrttenbergliga Frauen<\/h5>\n\n\n\n<p>5. Platz JudoTeam Steinheim<\/p>\n","protected":false},"excerpt":{"rendered":"<p>u10 Nordw\u00fcrttembergische Mannschaftsmeisterschaften 1. Platz JudoTeam Steinheim m\u00e4nnlich Bezirksmannschaftsmeisterschaften 2. Platz JudoTeam Steinheim m\u00e4nnlich u12 W\u00fcrttembergische Einzelmeisterschaften 1. Platz Luca Stadlmeier Nordw\u00fcrttembergische Einzelmeisterschaften 1. Platz Luca Stadlmeir3. Platz Franziska Fleischle, Dilay Yilmaz, Julius Stadtfeld Bezirkseinzelmeisterschaften 1. Platz Luca Stadlmeir, Franziska Fleischle2. Platz Julius Stadtfeld, Dilay Yilmaz3. Platz Mats Morlok, Malte Kritzer, Colin Rieg Bezirksmannschaftsmeisterschaften 2. &hellip; <a href=\"https:\/\/www.judo-steinheim.de\/index.php\/erfolge-2023\/erfolge-2022\/archiv\/2015-2\/\" class=\"more-link\"><span class=\"screen-reader-text\">\u201eErfolge 2015\u201c<\/span> weiterlesen<\/a><\/p>\n","protected":false},"author":1,"featured_media":0,"parent":85,"menu_order":0,"comment_status":"closed","ping_status":"closed","template":"","meta":{"footnotes":""},"class_list":["post-65","page","type-page","status-publish","hentry"],"_links":{"self":[{"href":"https:\/\/www.judo-steinheim.de\/index.php\/wp-json\/wp\/v2\/pages\/65","targetHints":{"allow":["GET"]}}],"collection":[{"href":"https:\/\/www.judo-steinheim.de\/index.php\/wp-json\/wp\/v2\/pages"}],"about":[{"href":"https:\/\/www.judo-steinheim.de\/index.php\/wp-json\/wp\/v2\/types\/page"}],"author":[{"embeddable":true,"href":"https:\/\/www.judo-steinheim.de\/index.php\/wp-json\/wp\/v2\/users\/1"}],"replies":[{"embeddable":true,"href":"https:\/\/www.judo-steinheim.de\/index.php\/wp-json\/wp\/v2\/comments?post=65"}],"version-history":[{"count":3,"href":"https:\/\/www.judo-steinheim.de\/index.php\/wp-json\/wp\/v2\/pages\/65\/revisions"}],"predecessor-version":[{"id":3596,"href":"https:\/\/www.judo-steinheim.de\/index.php\/wp-json\/wp\/v2\/pages\/65\/revisions\/3596"}],"up":[{"embeddable":true,"href":"https:\/\/www.judo-steinheim.de\/index.php\/wp-json\/wp\/v2\/pages\/85"}],"wp:attachment":[{"href":"https:\/\/www.judo-steinheim.de\/index.php\/wp-json\/wp\/v2\/media?parent=65"}],"curies":[{"name":"wp","href":"https:\/\/api.w.org\/{rel}","templated":true}]}}