{"id":49,"date":"2019-01-05T22:38:47","date_gmt":"2019-01-05T21:38:47","guid":{"rendered":"http:\/\/wordpress.judo-steinheim.de\/?page_id=49"},"modified":"2022-05-17T22:43:20","modified_gmt":"2022-05-17T20:43:20","slug":"2018-2","status":"publish","type":"page","link":"https:\/\/www.judo-steinheim.de\/index.php\/erfolge-2023\/erfolge-2022\/archiv\/2018-2\/","title":{"rendered":"Erfolge 2018"},"content":{"rendered":"\n<h2 class=\"wp-block-heading\">u10<\/h2>\n\n\n\n<h5 class=\"wp-block-heading\">Bezirksmannschaftsmeisterschaften<\/h5>\n\n\n\n<p>3. Platz JudoTeam Steinheim m\u00e4nnlich<\/p>\n\n\n\n<h2 class=\"wp-block-heading\">u12<\/h2>\n\n\n\n<h5 class=\"wp-block-heading\">W\u00fcttembergische Einzelmeisterschaften<\/h5>\n\n\n\n<p>2. Platz Lennard Vogelgesang<br>3. Platz Piet Morlok, Tim Kunkel, Jacob Dobersch\u00fctz, Yann-Luca Vaca Reuter, Valentin Fleischle, Oskar Becker, Felix Eigen<br><\/p>\n\n\n\n<h5 class=\"wp-block-heading\">Nordw\u00fcttembergische Einzelmeisterschaften<\/h5>\n\n\n\n<p>1. Platz Valentin Fleischle<br>2. Platz Ole Kunkel<br>3. Platz Piet Morlok, Lennard Vogelgesang, Yann-Luca Vaca Reuter, Felix Eigen, Julia Merkel<\/p>\n\n\n\n<h5 class=\"wp-block-heading\">Bezirkseinzelmeisterschaften<\/h5>\n\n\n\n<p>1. Platz Celina Sch\u00f6ttner, Piet Morlok, Lennard Vogelgesang, Tim Kunkel, Oskar Becker<br>2. Platz Noelle Trinks, Valentin Fleischle, Felix Eigen<br>3. Platz Julia Merkel, Jacob Dobersch\u00fctz, Pia Lehnert, Ole Kunkel, Yann-Luca Vaca Reuter<\/p>\n\n\n\n<h5 class=\"wp-block-heading\">W\u00fcrttembergische Mannschaftsmeisterschaften<\/h5>\n\n\n\n<p>2. Platz JudoTeam Steinheim m\u00e4nnlich<\/p>\n\n\n\n<h5 class=\"wp-block-heading\">Nordw\u00fcrttembergische Mannschaftsmeisterschaften<\/h5>\n\n\n\n<p>3. Platz JudoTeam Steinheim m\u00e4nnlich \u00bbSteppis\u00ab<\/p>\n\n\n\n<h5 class=\"wp-block-heading\">Bezirksmannschaftsmeisterschaften<\/h5>\n\n\n\n<p>1. Platz JudoTeam Steinheim m\u00e4nnlich \u00bbSteppis\u00ab<br>2. Platz JudoTeam Steinheim m\u00e4nnlich \u00bbTiger\u00ab<\/p>\n\n\n\n<h2 class=\"wp-block-heading\">u15<\/h2>\n\n\n\n<h5 class=\"wp-block-heading\">W\u00fcrttembergische Einzelmeisterschaften<\/h5>\n\n\n\n<p>1. Platz Franziska Fleischle<\/p>\n\n\n\n<h5 class=\"wp-block-heading\">Nordw\u00fcrttembergische Einzelmeisterschaften<\/h5>\n\n\n\n<p>2. Platz Franziska Fleischle<br>3. Platz Vico Vogelgesang <\/p>\n\n\n\n<h5 class=\"wp-block-heading\">Offene Baden-W\u00fcrttembergische Einzelmeisterschaften<\/h5>\n\n\n\n<p>1. Platz Franziska Fleischle<br>3. Platz Luca Stadlmeir<\/p>\n\n\n\n<h2 class=\"wp-block-heading\">&nbsp;u18<\/h2>\n\n\n\n<h5 class=\"wp-block-heading\">Deutsche Einzelmeisterschaften<\/h5>\n\n\n\n<p>1. Platz Olivia Siegemund<\/p>\n\n\n\n<h5 class=\"wp-block-heading\">S\u00fcddeutsche Einzelmeisterschaften<\/h5>\n\n\n\n<p>1. Platz Olivia Siegemund<\/p>\n\n\n\n<h5 class=\"wp-block-heading\">W\u00fcrttembergische Einzelmeisterschaften<\/h5>\n\n\n\n<p>1. Platz Olivia Siegemund<\/p>\n","protected":false},"excerpt":{"rendered":"<p>u10 Bezirksmannschaftsmeisterschaften 3. Platz JudoTeam Steinheim m\u00e4nnlich u12 W\u00fcttembergische Einzelmeisterschaften 2. Platz Lennard Vogelgesang3. Platz Piet Morlok, Tim Kunkel, Jacob Dobersch\u00fctz, Yann-Luca Vaca Reuter, Valentin Fleischle, Oskar Becker, Felix Eigen Nordw\u00fcttembergische Einzelmeisterschaften 1. Platz Valentin Fleischle2. Platz Ole Kunkel3. Platz Piet Morlok, Lennard Vogelgesang, Yann-Luca Vaca Reuter, Felix Eigen, Julia Merkel Bezirkseinzelmeisterschaften 1. Platz Celina &hellip; <a href=\"https:\/\/www.judo-steinheim.de\/index.php\/erfolge-2023\/erfolge-2022\/archiv\/2018-2\/\" class=\"more-link\"><span class=\"screen-reader-text\">\u201eErfolge 2018\u201c<\/span> weiterlesen<\/a><\/p>\n","protected":false},"author":1,"featured_media":0,"parent":85,"menu_order":0,"comment_status":"closed","ping_status":"closed","template":"","meta":{"footnotes":""},"class_list":["post-49","page","type-page","status-publish","hentry"],"_links":{"self":[{"href":"https:\/\/www.judo-steinheim.de\/index.php\/wp-json\/wp\/v2\/pages\/49","targetHints":{"allow":["GET"]}}],"collection":[{"href":"https:\/\/www.judo-steinheim.de\/index.php\/wp-json\/wp\/v2\/pages"}],"about":[{"href":"https:\/\/www.judo-steinheim.de\/index.php\/wp-json\/wp\/v2\/types\/page"}],"author":[{"embeddable":true,"href":"https:\/\/www.judo-steinheim.de\/index.php\/wp-json\/wp\/v2\/users\/1"}],"replies":[{"embeddable":true,"href":"https:\/\/www.judo-steinheim.de\/index.php\/wp-json\/wp\/v2\/comments?post=49"}],"version-history":[{"count":4,"href":"https:\/\/www.judo-steinheim.de\/index.php\/wp-json\/wp\/v2\/pages\/49\/revisions"}],"predecessor-version":[{"id":3593,"href":"https:\/\/www.judo-steinheim.de\/index.php\/wp-json\/wp\/v2\/pages\/49\/revisions\/3593"}],"up":[{"embeddable":true,"href":"https:\/\/www.judo-steinheim.de\/index.php\/wp-json\/wp\/v2\/pages\/85"}],"wp:attachment":[{"href":"https:\/\/www.judo-steinheim.de\/index.php\/wp-json\/wp\/v2\/media?parent=49"}],"curies":[{"name":"wp","href":"https:\/\/api.w.org\/{rel}","templated":true}]}}