{"id":4777,"date":"2025-05-20T22:00:25","date_gmt":"2025-05-20T20:00:25","guid":{"rendered":"https:\/\/www.judo-steinheim.de\/?page_id=4777"},"modified":"2025-05-20T22:04:15","modified_gmt":"2025-05-20T20:04:15","slug":"erfolge-2025","status":"publish","type":"page","link":"https:\/\/www.judo-steinheim.de\/index.php\/erfolge-2025\/","title":{"rendered":"Erfolge 2023"},"content":{"rendered":"\n<h2 class=\"wp-block-heading\" id=\"block-335af21d-04d6-437e-8188-dd6d5663c214\">u11<\/h2>\n\n\n\n<h5 class=\"wp-block-heading\" id=\"block-7cd5b92f-f003-4a4f-9d8b-75639c393fbb\">Nordw\u00fcrttembergische Einzelmeisterschaften<\/h5>\n\n\n\n<p id=\"block-8bf7b780-557f-4027-a542-5547274989dd\">1. Platz Leonard J\u00fcngling, Julia Wenig<br>2. Platz Benedikt Boos, Soheil Bozan, Beatrice Hall<br>3. Platz Norwin St\u00fcdemann, Ansgar Steeger, Sarina Weihrich<\/p>\n\n\n\n<h5 class=\"wp-block-heading\" id=\"block-3e13e69b-d10f-42b5-98e5-781210642a29\">Nordw\u00fcrttembergische Mannschaftsmeisterschaften<\/h5>\n\n\n\n<p id=\"block-5af9e3ef-fdba-4576-9804-ac317e1cd704\">1. Platz Kampfgemeinschaft JudoTeam Steinheim und JZ Heubach weiblich<br>3. Platz JudoTeam Steinheim m\u00e4nnlich<\/p>\n\n\n\n<h2 class=\"wp-block-heading\" id=\"block-2d399a77-900c-4611-8fc6-b5e365d88f19\">u13<\/h2>\n\n\n\n<h5 class=\"wp-block-heading\" id=\"block-460e3741-fbbf-4677-b2ae-b0e91384d618\">W\u00fcrttembergische Mannschaftsmeisterschaften<\/h5>\n\n\n\n<p id=\"block-80e2bdfc-b8a1-451c-9a98-666f279384b5\">1. Platz Kampfgemeinschaft JudoTeam Steinheim und JZ Heubach weiblich<\/p>\n\n\n\n<h5 class=\"wp-block-heading\" id=\"block-8a0267d6-f236-44a7-a24d-38d7e7967d98\">u15<\/h5>\n\n\n\n<h5 class=\"wp-block-heading\" id=\"block-f49d97be-1174-4105-a553-ec94e03dcb70\">S\u00fcddeutsche Einzelmeisterschaften<\/h5>\n\n\n\n<p id=\"block-c88e11c8-56cf-4cd6-bf52-5403c5ac6797\">3. Platz Marita Bollinger<\/p>\n\n\n\n<h5 class=\"wp-block-heading\" id=\"block-6facb0bb-d81d-4624-b19f-55f436d3b429\">W\u00fcrttembergische Einzelmeisterschaften<\/h5>\n\n\n\n<p id=\"block-d1242203-0f28-4e34-9a5e-28e8319f76e4\">2. Platz Marita Bollinger<\/p>\n\n\n\n<h5 class=\"wp-block-heading\" id=\"block-5bf1319a-bb10-416f-a902-41240c5f993e\">W\u00fcrttembergische Mannschaftsmeisterschaften<\/h5>\n\n\n\n<p id=\"block-8fb09868-f9f3-4792-852f-5a4a43135e0c\">2. Platz Kampfgemeinschaft JudoTeam Steinheim und JZ Heubach<\/p>\n\n\n\n<h2 class=\"wp-block-heading\" id=\"block-f7d23193-4883-492f-8dd4-77e30f6e92c8\">u18<\/h2>\n\n\n\n<h5 class=\"wp-block-heading\" id=\"block-96aedec9-e51f-45cf-a92b-30a502b10fd0\">S\u00fcddeutsche Mannschaftsmeisterschaften<\/h5>\n\n\n\n<p id=\"block-4a75851a-a287-4011-9ff6-51dafb8b4c0d\">3. Platz JudoTeam Steinheim m\u00e4nnlich<\/p>\n\n\n\n<h5 class=\"wp-block-heading\" id=\"block-6f2a9ede-8f85-4b2b-b414-74aea6aedfaf\">S\u00fcddeutsche Einzelmeisterschaften<\/h5>\n\n\n\n<p id=\"block-292c214d-04dd-4858-9285-9a334c3c330d\">3. Platz Valentin Fleischle<\/p>\n\n\n\n<h5 class=\"wp-block-heading\" id=\"block-0817df26-d9d1-4486-823b-3843c9138483\">W\u00fcrttembergische Einzelmeisterschaften<\/h5>\n\n\n\n<p id=\"block-e8ee25f0-7408-4c6c-815c-5a019b630bb9\">1. Platz Valentin Fleischle<br>2. Platz Tim Kunkel, Julia Merkel<br>3. Platz Piet Morlok, Milo Ernstmeier, Philipp Dobersch\u00fctz, Joshua Hall<\/p>\n\n\n\n<h2 class=\"wp-block-heading\" id=\"block-90e3ce79-fdf5-447b-896f-9961348a8454\">Erwachsene<\/h2>\n\n\n\n<h5 class=\"wp-block-heading\" id=\"block-f798ad59-46d4-424b-bc08-829cf07536f0\">Deutsche Hochschulmeisterschaften<\/h5>\n\n\n\n<p id=\"block-a99c0496-4fd3-4ef9-9808-45b8f98a414d\">1. Platz Marvin Kurz<\/p>\n","protected":false},"excerpt":{"rendered":"<p>u11 Nordw\u00fcrttembergische Einzelmeisterschaften 1. Platz Leonard J\u00fcngling, Julia Wenig2. Platz Benedikt Boos, Soheil Bozan, Beatrice Hall3. Platz Norwin St\u00fcdemann, Ansgar Steeger, Sarina Weihrich Nordw\u00fcrttembergische Mannschaftsmeisterschaften 1. Platz Kampfgemeinschaft JudoTeam Steinheim und JZ Heubach weiblich3. Platz JudoTeam Steinheim m\u00e4nnlich u13 W\u00fcrttembergische Mannschaftsmeisterschaften 1. Platz Kampfgemeinschaft JudoTeam Steinheim und JZ Heubach weiblich u15 S\u00fcddeutsche Einzelmeisterschaften 3. Platz &hellip; <a href=\"https:\/\/www.judo-steinheim.de\/index.php\/erfolge-2025\/\" class=\"more-link\"><span class=\"screen-reader-text\">\u201eErfolge 2023\u201c<\/span> weiterlesen<\/a><\/p>\n","protected":false},"author":1,"featured_media":0,"parent":0,"menu_order":0,"comment_status":"closed","ping_status":"closed","template":"","meta":{"footnotes":""},"class_list":["post-4777","page","type-page","status-publish","hentry"],"_links":{"self":[{"href":"https:\/\/www.judo-steinheim.de\/index.php\/wp-json\/wp\/v2\/pages\/4777","targetHints":{"allow":["GET"]}}],"collection":[{"href":"https:\/\/www.judo-steinheim.de\/index.php\/wp-json\/wp\/v2\/pages"}],"about":[{"href":"https:\/\/www.judo-steinheim.de\/index.php\/wp-json\/wp\/v2\/types\/page"}],"author":[{"embeddable":true,"href":"https:\/\/www.judo-steinheim.de\/index.php\/wp-json\/wp\/v2\/users\/1"}],"replies":[{"embeddable":true,"href":"https:\/\/www.judo-steinheim.de\/index.php\/wp-json\/wp\/v2\/comments?post=4777"}],"version-history":[{"count":3,"href":"https:\/\/www.judo-steinheim.de\/index.php\/wp-json\/wp\/v2\/pages\/4777\/revisions"}],"predecessor-version":[{"id":4782,"href":"https:\/\/www.judo-steinheim.de\/index.php\/wp-json\/wp\/v2\/pages\/4777\/revisions\/4782"}],"wp:attachment":[{"href":"https:\/\/www.judo-steinheim.de\/index.php\/wp-json\/wp\/v2\/media?parent=4777"}],"curies":[{"name":"wp","href":"https:\/\/api.w.org\/{rel}","templated":true}]}}