{"id":4660,"date":"2024-01-10T23:52:54","date_gmt":"2024-01-10T22:52:54","guid":{"rendered":"https:\/\/www.judo-steinheim.de\/?page_id=4660"},"modified":"2026-03-22T13:01:17","modified_gmt":"2026-03-22T12:01:17","slug":"erfolge-2024","status":"publish","type":"page","link":"https:\/\/www.judo-steinheim.de\/index.php\/erfolge-2024\/","title":{"rendered":"Erfolge 2024"},"content":{"rendered":"\n<h2 class=\"wp-block-heading\" id=\"block-dfe6e600-d2cf-4bd6-aaa3-436b7d24ca85\">u11<\/h2>\n\n\n\n<h5 class=\"wp-block-heading\" id=\"block-96836a08-93bc-4b18-8c47-27e0e9bfe157\">W\u00fcrttembergische Einzelmeisterschaften<\/h5>\n\n\n\n<p>1. Platz Benedikt Boss, Leonard J\u00fcngling<br>2. Platz Sohail Bozan, Maximilan Breitbach<br>3. Platz Viktoria Schmal<\/p>\n\n\n\n<h2 class=\"wp-block-heading\" id=\"block-1324db27-d619-473a-9507-6eadf52090f1\">u13<\/h2>\n\n\n\n<h5 class=\"wp-block-heading\" id=\"block-dae56867-25e2-43a1-91d4-fc51b7a8ad02\">W\u00fcrttembergische Einzelmeisterschaften<\/h5>\n\n\n\n<p>1. Platz Elias Moosmann<br>3. Platz Ansgar Steeger, Cora Wenig, Dominik Zlab<\/p>\n\n\n\n<h5 class=\"wp-block-heading\">W\u00fcrttembergische Mannschaftsmeisterschaften<\/h5>\n\n\n\n<p>2. Platz KG JudoTeam Steinheim \/ JZ Heubach weiblich<\/p>\n\n\n\n<h2 class=\"wp-block-heading\" id=\"block-d42f2281-8f13-437c-9c4f-705b8653b825\">u18<\/h2>\n\n\n\n<h5 class=\"wp-block-heading\">S\u00fcddeutsche Mannschaftsmeisterschaften<\/h5>\n\n\n\n<p>1. Platz KG JudoTeam Steinheim \/ JZ Heubach m\u00e4nnlich<\/p>\n\n\n\n<h5 class=\"wp-block-heading\">S\u00fcddeutsche Mannschaftsmeisterschaften<\/h5>\n\n\n\n<p>3. Platz KG Steinheim\/Heubach m\u00e4nnlich <\/p>\n\n\n\n<h5 class=\"wp-block-heading\">S\u00fcddeutsche Einzelmeisterschaften<\/h5>\n\n\n\n<p>3. Platz Valentin Fleischle <\/p>\n\n\n\n<h5 class=\"wp-block-heading\" id=\"block-455cca05-2ccd-4f65-8557-ea6ab0b04d7a\">W\u00fcrttembergische Einzelmeisterschaften<\/h5>\n\n\n\n<p>1. Platz Valentin Fleischle <br>2. Platz Milo Ernstmaier<br>3. Platz Joshua Hall <\/p>\n\n\n\n<h2 class=\"wp-block-heading\" id=\"block-0b8ca440-1aaf-47c6-b464-413622201515\">Liga<\/h2>\n\n\n\n<p>1. Platz Bezirksliga M\u00e4nner<br>2. Platz Landesliga M\u00e4nner<\/p>\n","protected":false},"excerpt":{"rendered":"<p>u11 W\u00fcrttembergische Einzelmeisterschaften 1. Platz Benedikt Boss, Leonard J\u00fcngling2. Platz Sohail Bozan, Maximilan Breitbach3. Platz Viktoria Schmal u13 W\u00fcrttembergische Einzelmeisterschaften 1. Platz Elias Moosmann3. Platz Ansgar Steeger, Cora Wenig, Dominik Zlab W\u00fcrttembergische Mannschaftsmeisterschaften 2. Platz KG JudoTeam Steinheim \/ JZ Heubach weiblich u18 S\u00fcddeutsche Mannschaftsmeisterschaften 1. Platz KG JudoTeam Steinheim \/ JZ Heubach m\u00e4nnlich S\u00fcddeutsche &hellip; <a href=\"https:\/\/www.judo-steinheim.de\/index.php\/erfolge-2024\/\" class=\"more-link\"><span class=\"screen-reader-text\">\u201eErfolge 2024\u201c<\/span> weiterlesen<\/a><\/p>\n","protected":false},"author":1,"featured_media":0,"parent":0,"menu_order":0,"comment_status":"closed","ping_status":"closed","template":"","meta":{"footnotes":""},"class_list":["post-4660","page","type-page","status-publish","hentry"],"_links":{"self":[{"href":"https:\/\/www.judo-steinheim.de\/index.php\/wp-json\/wp\/v2\/pages\/4660","targetHints":{"allow":["GET"]}}],"collection":[{"href":"https:\/\/www.judo-steinheim.de\/index.php\/wp-json\/wp\/v2\/pages"}],"about":[{"href":"https:\/\/www.judo-steinheim.de\/index.php\/wp-json\/wp\/v2\/types\/page"}],"author":[{"embeddable":true,"href":"https:\/\/www.judo-steinheim.de\/index.php\/wp-json\/wp\/v2\/users\/1"}],"replies":[{"embeddable":true,"href":"https:\/\/www.judo-steinheim.de\/index.php\/wp-json\/wp\/v2\/comments?post=4660"}],"version-history":[{"count":3,"href":"https:\/\/www.judo-steinheim.de\/index.php\/wp-json\/wp\/v2\/pages\/4660\/revisions"}],"predecessor-version":[{"id":4932,"href":"https:\/\/www.judo-steinheim.de\/index.php\/wp-json\/wp\/v2\/pages\/4660\/revisions\/4932"}],"wp:attachment":[{"href":"https:\/\/www.judo-steinheim.de\/index.php\/wp-json\/wp\/v2\/media?parent=4660"}],"curies":[{"name":"wp","href":"https:\/\/api.w.org\/{rel}","templated":true}]}}