{"id":4376,"date":"2023-01-21T14:36:54","date_gmt":"2023-01-21T13:36:54","guid":{"rendered":"https:\/\/www.judo-steinheim.de\/?page_id=4376"},"modified":"2026-03-22T13:06:38","modified_gmt":"2026-03-22T12:06:38","slug":"erfolge-2023","status":"publish","type":"page","link":"https:\/\/www.judo-steinheim.de\/index.php\/erfolge-2023\/","title":{"rendered":"Erfolge 2025"},"content":{"rendered":"\n<h2 class=\"wp-block-heading\" id=\"block-0939ae29-9c49-44ce-b1c8-ea81f0b28702\">u11<\/h2>\n\n\n\n<h5 class=\"wp-block-heading\" id=\"block-1324db27-d619-473a-9507-6eadf52090f1\">Nordw\u00fcrttembergische Einzelmeisterschaften<\/h5>\n\n\n\n<p>3. Platz Felisa Weihrich, Leonie Ade, Julian H\u00f6nes<\/p>\n\n\n\n<h5 class=\"wp-block-heading\" id=\"block-65f7129d-57c5-4493-be26-f6af27707669\">Nordw\u00fcrttembergische Mannschaftsmeisterschaften<\/h5>\n\n\n\n<p>1. Platz KG JudoTeam Steinheim \/ JZ Heubach weiblich<\/p>\n\n\n\n<h2 class=\"wp-block-heading\" id=\"block-2cbead1d-2734-4c69-8e73-6ceb3e1140e5\">u13<\/h2>\n\n\n\n<h5 class=\"wp-block-heading\">Baden-W\u00fcrttembergische Einzelmeisterschaften<\/h5>\n\n\n\n<p>1. Platz Sarina Weihrich<br>2. Platz Ansgar Steeger<br>3. Platz Alfonso Petruzzella<\/p>\n\n\n\n<h5 class=\"wp-block-heading\">W\u00fcrttembergische Einzelmeisterschaften<\/h5>\n\n\n\n<p>1. Platz Ansgar Steeger, Sarina Weihrich<br>2. Platz Viktoria Schmal<br>3. Platz Julia Wenig, 3.Platz Dominik Zlab<\/p>\n\n\n\n<h5 class=\"wp-block-heading\">Nordw\u00fcrttembergische Mannschaftsmeisterschaften<\/h5>\n\n\n\n<p>1. Platz KG JudoTeam Steinheim \/ JZ Heubach weiblich<br>3. Platz JudoTeam Steinheim m\u00e4nnlich<\/p>\n\n\n\n<h5 class=\"wp-block-heading\">u15<\/h5>\n\n\n\n<h5 class=\"wp-block-heading\" id=\"block-83e9ff20-650f-4c94-8993-c6e7969d567e\">Offene Baden-W\u00fcrttembergische Einzelmeisterschaften<\/h5>\n\n\n\n<p>3. Platz Ansgar Steeger<\/p>\n\n\n\n<h5 class=\"wp-block-heading\" id=\"block-b9362515-0b6e-40cc-bc62-4947c9116fec\">W\u00fcrttembergische Einzelmeisterschaften<\/h5>\n\n\n\n<p>1. Platz David Dobersch\u00fctz, Dominik Zlab, <br>2. Platz Cora Wenig, Ansgar Steeger, Norwin St\u00fcdemann, Kristine Klotz<br>3. Platz Sarina Weihrich, Elias Moosmann, Stephanie Mirsa, Alexia Weihrich <\/p>\n\n\n\n<h5 class=\"wp-block-heading\">W\u00fcrttembergische Mannschaftsmeisterschaften <\/h5>\n\n\n\n<p>3. Platz KG udoTeam Steinheim \/ JZ Heubach Mixed Team<\/p>\n\n\n\n<h2 class=\"wp-block-heading\" id=\"block-d42f2281-8f13-437c-9c4f-705b8653b825\">u18<\/h2>\n\n\n\n<h5 class=\"wp-block-heading\">S\u00fcddeutsche Einzelmeisterschaften<\/h5>\n\n\n\n<p>2. Platz Tim Kunkel<\/p>\n\n\n\n<h5 class=\"wp-block-heading\" id=\"block-455cca05-2ccd-4f65-8557-ea6ab0b04d7a\">W\u00fcrttembergische Einzelmeisterschaften<\/h5>\n\n\n\n<p>1. Platz Tim Kunkel<\/p>\n\n\n\n<h2 class=\"wp-block-heading\" id=\"block-0b8ca440-1aaf-47c6-b464-413622201515\">Liga<\/h2>\n\n\n\n<p>2. Platz Landesliga M\u00e4nner<\/p>\n","protected":false},"excerpt":{"rendered":"<p>u11 Nordw\u00fcrttembergische Einzelmeisterschaften 3. Platz Felisa Weihrich, Leonie Ade, Julian H\u00f6nes Nordw\u00fcrttembergische Mannschaftsmeisterschaften 1. Platz KG JudoTeam Steinheim \/ JZ Heubach weiblich u13 Baden-W\u00fcrttembergische Einzelmeisterschaften 1. Platz Sarina Weihrich2. Platz Ansgar Steeger3. Platz Alfonso Petruzzella W\u00fcrttembergische Einzelmeisterschaften 1. Platz Ansgar Steeger, Sarina Weihrich2. Platz Viktoria Schmal3. Platz Julia Wenig, 3.Platz Dominik Zlab Nordw\u00fcrttembergische Mannschaftsmeisterschaften 1. &hellip; <a href=\"https:\/\/www.judo-steinheim.de\/index.php\/erfolge-2023\/\" class=\"more-link\"><span class=\"screen-reader-text\">\u201eErfolge 2025\u201c<\/span> weiterlesen<\/a><\/p>\n","protected":false},"author":1,"featured_media":0,"parent":0,"menu_order":0,"comment_status":"closed","ping_status":"closed","template":"","meta":{"footnotes":""},"class_list":["post-4376","page","type-page","status-publish","hentry"],"_links":{"self":[{"href":"https:\/\/www.judo-steinheim.de\/index.php\/wp-json\/wp\/v2\/pages\/4376","targetHints":{"allow":["GET"]}}],"collection":[{"href":"https:\/\/www.judo-steinheim.de\/index.php\/wp-json\/wp\/v2\/pages"}],"about":[{"href":"https:\/\/www.judo-steinheim.de\/index.php\/wp-json\/wp\/v2\/types\/page"}],"author":[{"embeddable":true,"href":"https:\/\/www.judo-steinheim.de\/index.php\/wp-json\/wp\/v2\/users\/1"}],"replies":[{"embeddable":true,"href":"https:\/\/www.judo-steinheim.de\/index.php\/wp-json\/wp\/v2\/comments?post=4376"}],"version-history":[{"count":8,"href":"https:\/\/www.judo-steinheim.de\/index.php\/wp-json\/wp\/v2\/pages\/4376\/revisions"}],"predecessor-version":[{"id":4935,"href":"https:\/\/www.judo-steinheim.de\/index.php\/wp-json\/wp\/v2\/pages\/4376\/revisions\/4935"}],"wp:attachment":[{"href":"https:\/\/www.judo-steinheim.de\/index.php\/wp-json\/wp\/v2\/media?parent=4376"}],"curies":[{"name":"wp","href":"https:\/\/api.w.org\/{rel}","templated":true}]}}