{"id":4133,"date":"2021-11-09T21:58:03","date_gmt":"2021-11-09T20:58:03","guid":{"rendered":"https:\/\/www.judo-steinheim.de\/?page_id=4133"},"modified":"2023-02-07T21:44:35","modified_gmt":"2023-02-07T20:44:35","slug":"erfolge-2022","status":"publish","type":"page","link":"https:\/\/www.judo-steinheim.de\/index.php\/erfolge-2023\/erfolge-2022\/","title":{"rendered":"Erfolge 2022"},"content":{"rendered":"\n<h2 class=\"wp-block-heading\" id=\"block-0939ae29-9c49-44ce-b1c8-ea81f0b28702\">u11<\/h2>\n\n\n\n<h5 class=\"wp-block-heading\" id=\"block-e3502a6c-ba00-4e14-89fe-653c94279e91\">Nordw\u00fcrttembergische Mannschaftsmeisterschaften<\/h5>\n\n\n\n<p>1. Platz (Beatrice Hall, Julia Weinig, Cora Wenig, Johanna Hildenbrand, Katja Bollinger)<\/p>\n\n\n\n<h2 class=\"wp-block-heading\" id=\"block-dae56867-25e2-43a1-91d4-fc51b7a8ad02\">u15<\/h2>\n\n\n\n<h5 class=\"wp-block-heading\" id=\"block-83e9ff20-650f-4c94-8993-c6e7969d567e\">S\u00fcddeutsche Einzelmeisterschaften<\/h5>\n\n\n\n<p>3. Platz Julia Merkel, Piet Morlok<\/p>\n\n\n\n<h5 class=\"wp-block-heading\" id=\"block-619b9b5e-49b6-4e94-a352-b9f898275d3f\">Offene Baden-W\u00fcrttembergische Einzelmeisterschaften<\/h5>\n\n\n\n<p>1. Platz Julia Merkel<br>2. Platz Marita Bollinger, Tim Kunkel<\/p>\n\n\n\n<h5 class=\"wp-block-heading\" id=\"block-b9362515-0b6e-40cc-bc62-4947c9116fec\">W\u00fcrttembergische Einzelmeisterschaften<\/h5>\n\n\n\n<p>3. Platz Marita Bollinger, Julia Merkel<\/p>\n\n\n\n<h2 class=\"wp-block-heading\" id=\"block-d42f2281-8f13-437c-9c4f-705b8653b825\">u18<\/h2>\n\n\n\n<h5 class=\"wp-block-heading\">Deutsche Einzelmeisterschaften<\/h5>\n\n\n\n<p>5. Platz Felix Reuschle<\/p>\n\n\n\n<h5 class=\"wp-block-heading\">S\u00fcddeutsche Einzelmeisterschaften<\/h5>\n\n\n\n<p>1. Platz Felix Reuschle<br>3. Platz Joshua Hall, Jacob Dobersch\u00fctz<\/p>\n\n\n\n<h5 class=\"wp-block-heading\" id=\"block-455cca05-2ccd-4f65-8557-ea6ab0b04d7a\">W\u00fcrttembergische Einzelmeisterschaften<\/h5>\n\n\n\n<p>1. Platz Felix Reuschle, Joshua Hall<br>3. Platz Jacob Dobersch\u00fctz<\/p>\n\n\n\n<h2 class=\"wp-block-heading\" id=\"block-abda5bf0-0f0e-4bda-ae0a-a8fa702ca3d3\">Erwachsene<\/h2>\n\n\n\n<h5 class=\"wp-block-heading\" id=\"block-8f9092d5-dac5-4818-a33f-5b0126a250b4\">Deutsche Hochschulmeisterschaften<\/h5>\n\n\n\n<p>3. Platz Marvin Kurz<\/p>\n","protected":false},"excerpt":{"rendered":"<p>u11 Nordw\u00fcrttembergische Mannschaftsmeisterschaften 1. Platz (Beatrice Hall, Julia Weinig, Cora Wenig, Johanna Hildenbrand, Katja Bollinger) u15 S\u00fcddeutsche Einzelmeisterschaften 3. Platz Julia Merkel, Piet Morlok Offene Baden-W\u00fcrttembergische Einzelmeisterschaften 1. Platz Julia Merkel2. Platz Marita Bollinger, Tim Kunkel W\u00fcrttembergische Einzelmeisterschaften 3. Platz Marita Bollinger, Julia Merkel u18 Deutsche Einzelmeisterschaften 5. Platz Felix Reuschle S\u00fcddeutsche Einzelmeisterschaften 1. Platz &hellip; <a href=\"https:\/\/www.judo-steinheim.de\/index.php\/erfolge-2023\/erfolge-2022\/\" class=\"more-link\"><span class=\"screen-reader-text\">\u201eErfolge 2022\u201c<\/span> weiterlesen<\/a><\/p>\n","protected":false},"author":1,"featured_media":0,"parent":4376,"menu_order":0,"comment_status":"closed","ping_status":"closed","template":"","meta":{"footnotes":""},"class_list":["post-4133","page","type-page","status-publish","hentry"],"_links":{"self":[{"href":"https:\/\/www.judo-steinheim.de\/index.php\/wp-json\/wp\/v2\/pages\/4133","targetHints":{"allow":["GET"]}}],"collection":[{"href":"https:\/\/www.judo-steinheim.de\/index.php\/wp-json\/wp\/v2\/pages"}],"about":[{"href":"https:\/\/www.judo-steinheim.de\/index.php\/wp-json\/wp\/v2\/types\/page"}],"author":[{"embeddable":true,"href":"https:\/\/www.judo-steinheim.de\/index.php\/wp-json\/wp\/v2\/users\/1"}],"replies":[{"embeddable":true,"href":"https:\/\/www.judo-steinheim.de\/index.php\/wp-json\/wp\/v2\/comments?post=4133"}],"version-history":[{"count":5,"href":"https:\/\/www.judo-steinheim.de\/index.php\/wp-json\/wp\/v2\/pages\/4133\/revisions"}],"predecessor-version":[{"id":4378,"href":"https:\/\/www.judo-steinheim.de\/index.php\/wp-json\/wp\/v2\/pages\/4133\/revisions\/4378"}],"up":[{"embeddable":true,"href":"https:\/\/www.judo-steinheim.de\/index.php\/wp-json\/wp\/v2\/pages\/4376"}],"wp:attachment":[{"href":"https:\/\/www.judo-steinheim.de\/index.php\/wp-json\/wp\/v2\/media?parent=4133"}],"curies":[{"name":"wp","href":"https:\/\/api.w.org\/{rel}","templated":true}]}}