{"id":3600,"date":"2020-12-15T22:25:46","date_gmt":"2020-12-15T21:25:46","guid":{"rendered":"https:\/\/www.judo-steinheim.de\/?page_id=3600"},"modified":"2023-02-07T21:44:18","modified_gmt":"2023-02-07T20:44:18","slug":"erfolge-2021","status":"publish","type":"page","link":"https:\/\/www.judo-steinheim.de\/index.php\/erfolge-2023\/erfolge-2021\/","title":{"rendered":"Erfolge 2021"},"content":{"rendered":"\n<h2 class=\"wp-block-heading\" id=\"block-2cbead1d-2734-4c69-8e73-6ceb3e1140e5\">u13<\/h2>\n\n\n\n<h5 class=\"wp-block-heading\" id=\"block-dae56867-25e2-43a1-91d4-fc51b7a8ad02\">W\u00fcrttembergische Einzelmeisterschaften<\/h5>\n\n\n\n<p>1. Platz Leo Rieg<br>2. Platz Gustav Becker<br>3. Platz Romy Zlab, Marita Bollinger<\/p>\n\n\n\n<h2 class=\"wp-block-heading\" id=\"block-cbce4979-26a6-4f5b-b012-886126d41b32\">u15<\/h2>\n\n\n\n<h5 class=\"wp-block-heading\" id=\"block-83e9ff20-650f-4c94-8993-c6e7969d567e\">S\u00fcddeutsche Einzelmeisterschaften<\/h5>\n\n\n\n<p>1. Platz Valentin Fleischle<br>3. Platz Tim Kunkel,  Yann-Luca Vaca Reuter <\/p>\n\n\n\n<h5 class=\"wp-block-heading\" id=\"block-619b9b5e-49b6-4e94-a352-b9f898275d3f\">W\u00fcrttembergische Einzelmeisterschaften<\/h5>\n\n\n\n<p>1. Platz Valentin Fleischle, Piet Morlok<br>2. Platz Jacob Dobersch\u00fctz, Tim Kunkel<br>3. Platz Milo Ernstmeier, Yann-Luca Vaca Reuter, Joshua Hall, Julia Merkel <\/p>\n\n\n\n<h5 class=\"wp-block-heading\" id=\"block-916747c0-9666-4ff4-926f-7840746b4d69\">W\u00fcrttembergische Mannschaftsmeisterschaften <\/h5>\n\n\n\n<p>1. Platz KG JudoTeam Steinheim \/ JZ Heubach 1 m\u00e4nnlich<br>2. Platz KG JZ Heubach \/ JudoTeam Steinheim 2 m\u00e4nnlich<br>3. Platz KG JZ Heubach \/ JudoTeam Steinheim weiblich<\/p>\n\n\n\n<h2 class=\"wp-block-heading\" id=\"block-d42f2281-8f13-437c-9c4f-705b8653b825\">u18<\/h2>\n\n\n\n<h5 class=\"wp-block-heading\">S\u00fcddeutsche Einzelmeisterschaften<\/h5>\n\n\n\n<p>2. Platz Felix Reuschle<\/p>\n\n\n\n<h5 class=\"wp-block-heading\" id=\"block-455cca05-2ccd-4f65-8557-ea6ab0b04d7a\">W\u00fcrttembergische Einzelmeisterschaften<\/h5>\n\n\n\n<p>3. Platz Franziska Fleischle<br>3. Platz Felix Reuschle<\/p>\n\n\n\n<h5 class=\"wp-block-heading\" id=\"block-abda5bf0-0f0e-4bda-ae0a-a8fa702ca3d3\">Erwachsene<\/h5>\n\n\n\n<h5 class=\"wp-block-heading\" id=\"block-8f9092d5-dac5-4818-a33f-5b0126a250b4\">S\u00fcddeutsche Einzelmeisterschaften<\/h5>\n\n\n\n<p>3. Platz Marvin Kurz<\/p>\n","protected":false},"excerpt":{"rendered":"<p>u13 W\u00fcrttembergische Einzelmeisterschaften 1. Platz Leo Rieg2. Platz Gustav Becker3. Platz Romy Zlab, Marita Bollinger u15 S\u00fcddeutsche Einzelmeisterschaften 1. Platz Valentin Fleischle3. Platz Tim Kunkel, Yann-Luca Vaca Reuter W\u00fcrttembergische Einzelmeisterschaften 1. Platz Valentin Fleischle, Piet Morlok2. Platz Jacob Dobersch\u00fctz, Tim Kunkel3. Platz Milo Ernstmeier, Yann-Luca Vaca Reuter, Joshua Hall, Julia Merkel W\u00fcrttembergische Mannschaftsmeisterschaften 1. Platz &hellip; <a href=\"https:\/\/www.judo-steinheim.de\/index.php\/erfolge-2023\/erfolge-2021\/\" class=\"more-link\"><span class=\"screen-reader-text\">\u201eErfolge 2021\u201c<\/span> weiterlesen<\/a><\/p>\n","protected":false},"author":1,"featured_media":0,"parent":4376,"menu_order":0,"comment_status":"closed","ping_status":"closed","template":"","meta":{"footnotes":""},"class_list":["post-3600","page","type-page","status-publish","hentry"],"_links":{"self":[{"href":"https:\/\/www.judo-steinheim.de\/index.php\/wp-json\/wp\/v2\/pages\/3600","targetHints":{"allow":["GET"]}}],"collection":[{"href":"https:\/\/www.judo-steinheim.de\/index.php\/wp-json\/wp\/v2\/pages"}],"about":[{"href":"https:\/\/www.judo-steinheim.de\/index.php\/wp-json\/wp\/v2\/types\/page"}],"author":[{"embeddable":true,"href":"https:\/\/www.judo-steinheim.de\/index.php\/wp-json\/wp\/v2\/users\/1"}],"replies":[{"embeddable":true,"href":"https:\/\/www.judo-steinheim.de\/index.php\/wp-json\/wp\/v2\/comments?post=3600"}],"version-history":[{"count":7,"href":"https:\/\/www.judo-steinheim.de\/index.php\/wp-json\/wp\/v2\/pages\/3600\/revisions"}],"predecessor-version":[{"id":4137,"href":"https:\/\/www.judo-steinheim.de\/index.php\/wp-json\/wp\/v2\/pages\/3600\/revisions\/4137"}],"up":[{"embeddable":true,"href":"https:\/\/www.judo-steinheim.de\/index.php\/wp-json\/wp\/v2\/pages\/4376"}],"wp:attachment":[{"href":"https:\/\/www.judo-steinheim.de\/index.php\/wp-json\/wp\/v2\/media?parent=3600"}],"curies":[{"name":"wp","href":"https:\/\/api.w.org\/{rel}","templated":true}]}}