{"id":255,"date":"2019-01-13T18:12:07","date_gmt":"2019-01-13T17:12:07","guid":{"rendered":"http:\/\/wordpress.judo-steinheim.de\/?page_id=255"},"modified":"2020-12-15T21:44:34","modified_gmt":"2020-12-15T20:44:34","slug":"trainingsort","status":"publish","type":"page","link":"https:\/\/www.judo-steinheim.de\/index.php\/training\/trainingsort\/","title":{"rendered":"Trainingsort"},"content":{"rendered":"\n<p>Autenbachstra\u00dfe 15<br>Fr\u00f6schergeb\u00e4ude im Industriegebiet<br>71711 Steinheim an der Murr<\/p>\n\n\n\n<h5 class=\"wp-block-heading\">Anfahrt mit dem PKW<\/h5>\n\n\n\n<iframe loading=\"lazy\" width=\"600\" height=\"450\" src=\"https:\/\/www.google.com\/maps\/embed?pb=!1m18!1m12!1m3!1d2619.3948243410527!2d9.266055915999595!3d48.965008179297996!2m3!1f0!2f0!3f0!3m2!1i1024!2i768!4f13.1!3m3!1m2!1s0x4799cd6ce6c8c2c3%3A0xaf91a1f7bb71661a!2sJudoTeam+Steinheim!5e0!3m2!1sde!2sde!4v1546721987138\" frameborder=\"0\" allowfullscreen=\"\" style=\"border:0\"><\/iframe>\n\n\n\n<h5 class=\"wp-block-heading\">Anfahrt mit \u00f6ffentlichen Verkehrsmitteln<\/h5>\n\n\n\n<iframe loading=\"lazy\" title=\"VVS Verbindungswidget\" frameborder=\"0\" style=\"border: 0;\" width=\"340\" height=\"400\" src=\"https:\/\/www.vvs.de\/services\/efaaufhp\/widgets\/a-nach-b.html?destId=streetID%3A5947%3A%3A8118070%3A-1&#038;dest=Dojo%20JudoTeam%20Steinheim&#038;type=train\"><\/iframe>\n","protected":false},"excerpt":{"rendered":"<p>Autenbachstra\u00dfe 15Fr\u00f6schergeb\u00e4ude im Industriegebiet71711 Steinheim an der Murr Anfahrt mit dem PKW Anfahrt mit \u00f6ffentlichen Verkehrsmitteln<\/p>\n","protected":false},"author":1,"featured_media":0,"parent":260,"menu_order":0,"comment_status":"closed","ping_status":"closed","template":"","meta":{"footnotes":""},"class_list":["post-255","page","type-page","status-publish","hentry"],"_links":{"self":[{"href":"https:\/\/www.judo-steinheim.de\/index.php\/wp-json\/wp\/v2\/pages\/255","targetHints":{"allow":["GET"]}}],"collection":[{"href":"https:\/\/www.judo-steinheim.de\/index.php\/wp-json\/wp\/v2\/pages"}],"about":[{"href":"https:\/\/www.judo-steinheim.de\/index.php\/wp-json\/wp\/v2\/types\/page"}],"author":[{"embeddable":true,"href":"https:\/\/www.judo-steinheim.de\/index.php\/wp-json\/wp\/v2\/users\/1"}],"replies":[{"embeddable":true,"href":"https:\/\/www.judo-steinheim.de\/index.php\/wp-json\/wp\/v2\/comments?post=255"}],"version-history":[{"count":5,"href":"https:\/\/www.judo-steinheim.de\/index.php\/wp-json\/wp\/v2\/pages\/255\/revisions"}],"predecessor-version":[{"id":3582,"href":"https:\/\/www.judo-steinheim.de\/index.php\/wp-json\/wp\/v2\/pages\/255\/revisions\/3582"}],"up":[{"embeddable":true,"href":"https:\/\/www.judo-steinheim.de\/index.php\/wp-json\/wp\/v2\/pages\/260"}],"wp:attachment":[{"href":"https:\/\/www.judo-steinheim.de\/index.php\/wp-json\/wp\/v2\/media?parent=255"}],"curies":[{"name":"wp","href":"https:\/\/api.w.org\/{rel}","templated":true}]}}