{"id":2288,"date":"2020-02-02T14:04:53","date_gmt":"2020-02-02T13:04:53","guid":{"rendered":"http:\/\/wordpress.judo-steinheim.de\/?page_id=2288"},"modified":"2022-05-17T22:42:26","modified_gmt":"2022-05-17T20:42:26","slug":"2019-2","status":"publish","type":"page","link":"https:\/\/www.judo-steinheim.de\/index.php\/erfolge-2023\/erfolge-2022\/2019-2\/","title":{"rendered":"Erfolge 2019"},"content":{"rendered":"\n<h2 class=\"wp-block-heading\">u10<\/h2>\n\n\n\n<h5 class=\"wp-block-heading\">Nordw\u00fcrttembergische Einzelmeisterschaften<\/h5>\n\n\n\n<p>1. Platz Leo Rieg, Islam Turkoshvili<br>2. Platz Patrizia Be\u00dfler<br>3. Platz Tim Friedl<\/p>\n\n\n\n<h5 class=\"wp-block-heading\">Bezirkseinzelmeisterschaften<\/h5>\n\n\n\n<p>1. Platz Patrizia Be\u00dfler<br>3. Platz Kara Elif Acelya<\/p>\n\n\n\n<h5 class=\"wp-block-heading\">Nordw\u00fcrttembergische Mannschaftsmeisterschaften<\/h5>\n\n\n\n<p>3. Platz JudoTeam Steinheim m\u00e4nnlich<\/p>\n\n\n\n<h2 class=\"wp-block-heading\">u12<\/h2>\n\n\n\n<h5 class=\"wp-block-heading\">W\u00fcrttembergische Einzelmeisterschaften<\/h5>\n\n\n\n<p>1. Platz Tim Kunkel<br>2. Julia Merkel<br>3. Platz Piet Morlok, Tim Schneider, Ole Kunkel, Gustav Becker<\/p>\n\n\n\n<h5 class=\"wp-block-heading\">Nordw\u00fcrttembergische Einzelmeisterschaften<\/h5>\n\n\n\n<p>1. Platz Tim Kunkel<br>2. Platz Julia Merkel<br>3. Platz Piet Morlok, Tim Schneider, Gustav Becker<\/p>\n\n\n\n<h5 class=\"wp-block-heading\">Bezirkseinzelmeisterschaften<\/h5>\n\n\n\n<p>1. Platz Piet Morlok, Ole Kunkel, Tim Kunkel, Gustav Becker<br>2. Platz Tim Schneider, Keno Mosolf<br>3. Platz Usman Turkoshvili, Peres Mosolf<\/p>\n\n\n\n<h5 class=\"wp-block-heading\">W\u00fcrttembergische Mannschaftsmeisterschaften<\/h5>\n\n\n\n<p>1. Platz JudoTeam Steinheim m\u00e4nnlich<\/p>\n\n\n\n<h5 class=\"wp-block-heading\">Nordw\u00fcrttembergische Mannschaftsmeisterschaften<\/h5>\n\n\n\n<p>2. Platz JudoTeam Steinheim m\u00e4nnlich<\/p>\n\n\n\n<h2 class=\"wp-block-heading\">u13<\/h2>\n\n\n\n<h5 class=\"wp-block-heading\">Baden-W\u00fcrttembergische Einzelmeisterschaften<\/h5>\n\n\n\n<p>1. Platz Valentin Fleischle, Oskar Becker<br>2. Platz Julia Merkel<br>3. Platz Piet Morlock, Tim Schneider, Tim Kunkel, Felix Eigen<\/p>\n\n\n\n<h2 class=\"wp-block-heading\">u15<\/h2>\n\n\n\n<h5 class=\"wp-block-heading\">S\u00fcddeutsche Einzelmeisterschaften<\/h5>\n\n\n\n<p>3. Platz Colin Rieg<\/p>\n\n\n\n<h5 class=\"wp-block-heading\">Offene Baden-W\u00fcrttembergische Einzelmeisterschaften<\/h5>\n\n\n\n<p>1. Platz Valentin Fleischle<br>3. Platz Jacob Dobersch\u00fctz, Dilay Yilmaz, Paul-Luis Vaca Reuter, Colin Rieg, Joshua Hall<\/p>\n\n\n\n<h5 class=\"wp-block-heading\">W\u00fcrttembergische Einzelmeisterschaften<\/h5>\n\n\n\n<p>3. Platz Felix Eigen, Colin Rieg<\/p>\n\n\n\n<h5 class=\"wp-block-heading\">Nordw\u00fcrttembergische Einzelmeisterschaften<\/h5>\n\n\n\n<p>2. Platz Felix Eigen, Colin Rieg<br>3. Platz Joshua Hall, Yann-Luca Vaca Reuter, Valentin Fleischle, Paul-Luis Vaca Reuter<\/p>\n\n\n\n<h2 class=\"wp-block-heading\">u16<\/h2>\n\n\n\n<h5 class=\"wp-block-heading\">W\u00fcrttembergische Mannschaftsmeisterschaften<\/h5>\n\n\n\n<p>2. Platz&nbsp; Kampfgemeinschaft JZ Heubach \/ JudoTeam Steinheim m\u00e4nnlich<\/p>\n\n\n\n<h2 class=\"wp-block-heading\">u18<\/h2>\n\n\n\n<h5 class=\"wp-block-heading\">W\u00fcrttembergische Einzelmeisterschaften<\/h5>\n\n\n\n<p>3. Platz Franziska Fleischle, Luca Stadelmeir<\/p>\n\n\n\n<h2 class=\"wp-block-heading\">u21<\/h2>\n\n\n\n<h5 class=\"wp-block-heading\">S\u00fcddeutsche Einzelmeisterschaften<\/h5>\n\n\n\n<p>1. Platz Marvin Kurz<\/p>\n\n\n\n<h5 class=\"wp-block-heading\">Baden-W\u00fcrttembergische Einzelmeisterschaften<\/h5>\n\n\n\n<p>1. Platz Marvin Kurz<\/p>\n\n\n\n<h2 class=\"wp-block-heading\">Erwachsene<\/h2>\n\n\n\n<h5 class=\"wp-block-heading\">S\u00fcddeutsche Einzelmeisterschaften<\/h5>\n\n\n\n<p>1. Platz Guido Kramer<\/p>\n\n\n<p><!--EndFragment--><\/p>","protected":false},"excerpt":{"rendered":"<p>u10 Nordw\u00fcrttembergische Einzelmeisterschaften 1. Platz Leo Rieg, Islam Turkoshvili2. Platz Patrizia Be\u00dfler3. Platz Tim Friedl Bezirkseinzelmeisterschaften 1. Platz Patrizia Be\u00dfler3. Platz Kara Elif Acelya Nordw\u00fcrttembergische Mannschaftsmeisterschaften 3. Platz JudoTeam Steinheim m\u00e4nnlich u12 W\u00fcrttembergische Einzelmeisterschaften 1. Platz Tim Kunkel2. Julia Merkel3. Platz Piet Morlok, Tim Schneider, Ole Kunkel, Gustav Becker Nordw\u00fcrttembergische Einzelmeisterschaften 1. Platz Tim Kunkel2. &hellip; <a href=\"https:\/\/www.judo-steinheim.de\/index.php\/erfolge-2023\/erfolge-2022\/2019-2\/\" class=\"more-link\"><span class=\"screen-reader-text\">\u201eErfolge 2019\u201c<\/span> weiterlesen<\/a><\/p>\n","protected":false},"author":1,"featured_media":0,"parent":4133,"menu_order":0,"comment_status":"closed","ping_status":"closed","template":"","meta":{"footnotes":""},"class_list":["post-2288","page","type-page","status-publish","hentry"],"_links":{"self":[{"href":"https:\/\/www.judo-steinheim.de\/index.php\/wp-json\/wp\/v2\/pages\/2288","targetHints":{"allow":["GET"]}}],"collection":[{"href":"https:\/\/www.judo-steinheim.de\/index.php\/wp-json\/wp\/v2\/pages"}],"about":[{"href":"https:\/\/www.judo-steinheim.de\/index.php\/wp-json\/wp\/v2\/types\/page"}],"author":[{"embeddable":true,"href":"https:\/\/www.judo-steinheim.de\/index.php\/wp-json\/wp\/v2\/users\/1"}],"replies":[{"embeddable":true,"href":"https:\/\/www.judo-steinheim.de\/index.php\/wp-json\/wp\/v2\/comments?post=2288"}],"version-history":[{"count":5,"href":"https:\/\/www.judo-steinheim.de\/index.php\/wp-json\/wp\/v2\/pages\/2288\/revisions"}],"predecessor-version":[{"id":3592,"href":"https:\/\/www.judo-steinheim.de\/index.php\/wp-json\/wp\/v2\/pages\/2288\/revisions\/3592"}],"up":[{"embeddable":true,"href":"https:\/\/www.judo-steinheim.de\/index.php\/wp-json\/wp\/v2\/pages\/4133"}],"wp:attachment":[{"href":"https:\/\/www.judo-steinheim.de\/index.php\/wp-json\/wp\/v2\/media?parent=2288"}],"curies":[{"name":"wp","href":"https:\/\/api.w.org\/{rel}","templated":true}]}}