{"id":21,"date":"2021-10-05T22:09:19","date_gmt":"2021-10-05T20:09:19","guid":{"rendered":"http:\/\/wordpress.judo-steinheim.de\/?page_id=21"},"modified":"2025-07-16T21:11:14","modified_gmt":"2025-07-16T19:11:14","slug":"kontakt","status":"publish","type":"page","link":"https:\/\/www.judo-steinheim.de\/index.php\/kontakt\/","title":{"rendered":"Kontakt"},"content":{"rendered":"\n<p>JudoTeam Steinheim e.V.<br>Autenbachstra\u00dfe 15<br>71711 Steinheim a.d. Murr<\/p>\n\n\n\n<h5 class=\"wp-block-heading\">Satzung<\/h5>\n\n\n\n<div class=\"wp-block-file\"><a id=\"wp-block-file--media-f6b9557f-7248-4e72-bb94-3698d5341408\" href=\"https:\/\/www.judo-steinheim.de\/wp-content\/uploads\/2021\/07\/Satzung_2020.pdf\">Satzung<\/a><a href=\"https:\/\/www.judo-steinheim.de\/wp-content\/uploads\/2021\/07\/Satzung_2020.pdf\" class=\"wp-block-file__button wp-element-button\" download aria-describedby=\"wp-block-file--media-f6b9557f-7248-4e72-bb94-3698d5341408\">Herunterladen<\/a><\/div>\n\n\n\n<h5 class=\"wp-block-heading\">Aufnahmeantrag \/ Vertrag<\/h5>\n\n\n\n<p>folgt<\/p>\n\n\n\n<h5 class=\"wp-block-heading\">Bankverbindung<\/h5>\n\n\n\n<p>JudoTeam Steinheim e.V.<br>IBAN DE28&nbsp;6049 1430 0320 7950 04<br>BIC GENODES1VBB (VR Bank Ludwigsburg)<\/p>\n\n\n\n<h5 class=\"wp-block-heading\">Vorstand<\/h5>\n\n\n\n<div class=\"wp-block-media-text alignwide is-stacked-on-mobile\" style=\"grid-template-columns:38% auto\"><figure class=\"wp-block-media-text__media\"><img loading=\"lazy\" decoding=\"async\" width=\"768\" height=\"1024\" src=\"https:\/\/www.judo-steinheim.de\/wp-content\/uploads\/2025\/07\/20250626_194322-768x1024.jpg\" alt=\"\" class=\"wp-image-4801 size-full\" srcset=\"https:\/\/www.judo-steinheim.de\/wp-content\/uploads\/2025\/07\/20250626_194322-768x1024.jpg 768w, https:\/\/www.judo-steinheim.de\/wp-content\/uploads\/2025\/07\/20250626_194322-225x300.jpg 225w, https:\/\/www.judo-steinheim.de\/wp-content\/uploads\/2025\/07\/20250626_194322-1152x1536.jpg 1152w, https:\/\/www.judo-steinheim.de\/wp-content\/uploads\/2025\/07\/20250626_194322-1200x1600.jpg 1200w, https:\/\/www.judo-steinheim.de\/wp-content\/uploads\/2025\/07\/20250626_194322.jpg 1536w\" sizes=\"auto, (max-width: 768px) 85vw, 768px\" \/><\/figure><div class=\"wp-block-media-text__content\">\n<p><em>1. Vorsitzende<\/em><br>Thomas K\u00e4stle<br><a href=\"mailto:vorstand@judo-steinheim.de\">vorstand@judo-steinheim.de<\/a><\/p>\n<\/div><\/div>\n\n\n\n<div class=\"wp-block-media-text alignwide is-stacked-on-mobile\" style=\"grid-template-columns:38% auto\"><figure class=\"wp-block-media-text__media\"><img loading=\"lazy\" decoding=\"async\" width=\"769\" height=\"1024\" src=\"https:\/\/www.judo-steinheim.de\/wp-content\/uploads\/2025\/07\/20250625_190032-769x1024.jpg\" alt=\"\" class=\"wp-image-4798 size-full\" srcset=\"https:\/\/www.judo-steinheim.de\/wp-content\/uploads\/2025\/07\/20250625_190032-769x1024.jpg 769w, https:\/\/www.judo-steinheim.de\/wp-content\/uploads\/2025\/07\/20250625_190032-225x300.jpg 225w, https:\/\/www.judo-steinheim.de\/wp-content\/uploads\/2025\/07\/20250625_190032-768x1023.jpg 768w, https:\/\/www.judo-steinheim.de\/wp-content\/uploads\/2025\/07\/20250625_190032-1153x1536.jpg 1153w, https:\/\/www.judo-steinheim.de\/wp-content\/uploads\/2025\/07\/20250625_190032-1200x1599.jpg 1200w, https:\/\/www.judo-steinheim.de\/wp-content\/uploads\/2025\/07\/20250625_190032.jpg 1537w\" sizes=\"auto, (max-width: 769px) 85vw, 769px\" \/><\/figure><div class=\"wp-block-media-text__content\">\n<p><em>1. Vorsitzende<\/em><br>J\u00fcrgen Aschenbrenner<br><a href=\"mailto:vorstand@judo-steinheim.de\">vorstand@judo-steinheim.de<\/a><\/p>\n<\/div><\/div>\n\n\n\n<div class=\"wp-block-media-text alignwide is-stacked-on-mobile\" style=\"grid-template-columns:38% auto\"><figure class=\"wp-block-media-text__media\"><img loading=\"lazy\" decoding=\"async\" width=\"768\" height=\"1024\" src=\"https:\/\/www.judo-steinheim.de\/wp-content\/uploads\/2025\/07\/20250625_172836-768x1024.jpg\" alt=\"\" class=\"wp-image-4797 size-full\" srcset=\"https:\/\/www.judo-steinheim.de\/wp-content\/uploads\/2025\/07\/20250625_172836-768x1024.jpg 768w, https:\/\/www.judo-steinheim.de\/wp-content\/uploads\/2025\/07\/20250625_172836-225x300.jpg 225w, https:\/\/www.judo-steinheim.de\/wp-content\/uploads\/2025\/07\/20250625_172836-1152x1536.jpg 1152w, https:\/\/www.judo-steinheim.de\/wp-content\/uploads\/2025\/07\/20250625_172836-1200x1600.jpg 1200w, https:\/\/www.judo-steinheim.de\/wp-content\/uploads\/2025\/07\/20250625_172836.jpg 1536w\" sizes=\"auto, (max-width: 768px) 85vw, 768px\" \/><\/figure><div class=\"wp-block-media-text__content\">\n<p><em>2. Vorsitzende<\/em><br>Timo H\u00f6nes<br><a href=\"mailto:vorstand@judo-steinheim.de\">vorstand@judo-steinheim.de<\/a><\/p>\n<\/div><\/div>\n\n\n\n<div class=\"wp-block-media-text alignwide is-stacked-on-mobile\" style=\"grid-template-columns:38% auto\"><figure class=\"wp-block-media-text__media\"><img loading=\"lazy\" decoding=\"async\" width=\"768\" height=\"1024\" src=\"https:\/\/www.judo-steinheim.de\/wp-content\/uploads\/2025\/07\/20250626_194411-768x1024.jpg\" alt=\"\" class=\"wp-image-4803 size-full\" srcset=\"https:\/\/www.judo-steinheim.de\/wp-content\/uploads\/2025\/07\/20250626_194411-768x1024.jpg 768w, https:\/\/www.judo-steinheim.de\/wp-content\/uploads\/2025\/07\/20250626_194411-225x300.jpg 225w, https:\/\/www.judo-steinheim.de\/wp-content\/uploads\/2025\/07\/20250626_194411-1152x1536.jpg 1152w, https:\/\/www.judo-steinheim.de\/wp-content\/uploads\/2025\/07\/20250626_194411-1200x1600.jpg 1200w, https:\/\/www.judo-steinheim.de\/wp-content\/uploads\/2025\/07\/20250626_194411.jpg 1536w\" sizes=\"auto, (max-width: 768px) 85vw, 768px\" \/><\/figure><div class=\"wp-block-media-text__content\">\n<p><em><em>Schriftf\u00fchrerein<\/em><\/em><br>Anna Petruzzella<br><a href=\"mailto:vorstand@judo-steinheim.de\"><\/a><a href=\"mailto:schriftfuehrer@judo-steinheim.de\">schriftfuehrer@judo-steinheim.de<\/a><\/p>\n<\/div><\/div>\n\n\n\n<div class=\"wp-block-media-text alignwide is-stacked-on-mobile\" style=\"grid-template-columns:38% auto\"><figure class=\"wp-block-media-text__media\"><img loading=\"lazy\" decoding=\"async\" width=\"768\" height=\"1024\" src=\"https:\/\/www.judo-steinheim.de\/wp-content\/uploads\/2025\/07\/20250630_182000-768x1024.jpg\" alt=\"\" class=\"wp-image-4805 size-full\" srcset=\"https:\/\/www.judo-steinheim.de\/wp-content\/uploads\/2025\/07\/20250630_182000-768x1025.jpg 768w, https:\/\/www.judo-steinheim.de\/wp-content\/uploads\/2025\/07\/20250630_182000-225x300.jpg 225w, https:\/\/www.judo-steinheim.de\/wp-content\/uploads\/2025\/07\/20250630_182000-1151x1536.jpg 1151w, https:\/\/www.judo-steinheim.de\/wp-content\/uploads\/2025\/07\/20250630_182000-1200x1601.jpg 1200w, https:\/\/www.judo-steinheim.de\/wp-content\/uploads\/2025\/07\/20250630_182000.jpg 1535w\" sizes=\"auto, (max-width: 768px) 85vw, 768px\" \/><\/figure><div class=\"wp-block-media-text__content\">\n<p><em>Schatzmeister<\/em><br>Tobias Zier<br><a href=\"mailto:schatzmeister@judo-steinheim.de\">schatzmeister<\/a><a href=\"mailto:vorstand@judo-steinheim.de\">@judo-steinheim.de<\/a><\/p>\n<\/div><\/div>\n\n\n\n<div class=\"wp-block-media-text alignwide is-stacked-on-mobile\" style=\"grid-template-columns:38% auto\"><figure class=\"wp-block-media-text__media\"><img loading=\"lazy\" decoding=\"async\" width=\"768\" height=\"1024\" src=\"https:\/\/www.judo-steinheim.de\/wp-content\/uploads\/2025\/07\/20250626_195839-768x1024.jpg\" alt=\"\" class=\"wp-image-4804 size-full\" srcset=\"https:\/\/www.judo-steinheim.de\/wp-content\/uploads\/2025\/07\/20250626_195839-768x1024.jpg 768w, https:\/\/www.judo-steinheim.de\/wp-content\/uploads\/2025\/07\/20250626_195839-225x300.jpg 225w, https:\/\/www.judo-steinheim.de\/wp-content\/uploads\/2025\/07\/20250626_195839-1152x1536.jpg 1152w, https:\/\/www.judo-steinheim.de\/wp-content\/uploads\/2025\/07\/20250626_195839-1200x1600.jpg 1200w, https:\/\/www.judo-steinheim.de\/wp-content\/uploads\/2025\/07\/20250626_195839.jpg 1536w\" sizes=\"auto, (max-width: 768px) 85vw, 768px\" \/><\/figure><div class=\"wp-block-media-text__content\">\n<p><em>Zeugwart<\/em><br>Thomas Weihrich<br><a href=\"mailto:schatzmeister@judo-steinheim.de\">zeugwart<\/a><a href=\"mailto:zeugwart@judo-steinheim.de\">@judo-steinheim.de<\/a><br><\/p>\n<\/div><\/div>\n\n\n\n<div class=\"wp-block-media-text alignwide is-stacked-on-mobile\" style=\"grid-template-columns:38% auto\"><figure class=\"wp-block-media-text__media\"><img loading=\"lazy\" decoding=\"async\" width=\"1024\" height=\"768\" src=\"https:\/\/www.judo-steinheim.de\/wp-content\/uploads\/2019\/01\/P1000556-1024x768.jpg\" alt=\"Platzhalter_Vorstand\" class=\"wp-image-298 size-full\"\/><\/figure><div class=\"wp-block-media-text__content\">\n<p><em>Sportwart<\/em><br>Peter Br\u00fcck<br><a href=\"mailto:schatzmeister@judo-steinheim.de\">sportwart<\/a><a href=\"mailto:sportwart@judo-steinheim.de\">@judo-steinheim.de<\/a><\/p>\n<\/div><\/div>\n\n\n\n<div class=\"wp-block-media-text alignwide is-stacked-on-mobile\" style=\"grid-template-columns:38% auto\"><figure class=\"wp-block-media-text__media\"><img loading=\"lazy\" decoding=\"async\" width=\"769\" height=\"1024\" src=\"https:\/\/www.judo-steinheim.de\/wp-content\/uploads\/2025\/07\/20250626_164059-769x1024.jpg\" alt=\"\" class=\"wp-image-4800 size-full\" srcset=\"https:\/\/www.judo-steinheim.de\/wp-content\/uploads\/2025\/07\/20250626_164059-769x1024.jpg 769w, https:\/\/www.judo-steinheim.de\/wp-content\/uploads\/2025\/07\/20250626_164059-225x300.jpg 225w, https:\/\/www.judo-steinheim.de\/wp-content\/uploads\/2025\/07\/20250626_164059-768x1023.jpg 768w, https:\/\/www.judo-steinheim.de\/wp-content\/uploads\/2025\/07\/20250626_164059-1153x1536.jpg 1153w, https:\/\/www.judo-steinheim.de\/wp-content\/uploads\/2025\/07\/20250626_164059-1200x1599.jpg 1200w, https:\/\/www.judo-steinheim.de\/wp-content\/uploads\/2025\/07\/20250626_164059.jpg 1537w\" sizes=\"auto, (max-width: 769px) 85vw, 769px\" \/><\/figure><div class=\"wp-block-media-text__content\">\n<p><em>Jugendwart<\/em><br>Lena Hoffmann<br><a href=\"mailto:schatzmeister@judo-steinheim.de\">jugendwart<\/a><a href=\"mailto:jugendwart@judo-steinheim.de\">@judo-steinheim.de<\/a><\/p>\n<\/div><\/div>\n","protected":false},"excerpt":{"rendered":"<p>JudoTeam Steinheim e.V.Autenbachstra\u00dfe 1571711 Steinheim a.d. Murr Satzung Aufnahmeantrag \/ Vertrag folgt Bankverbindung JudoTeam Steinheim e.V.IBAN DE28&nbsp;6049 1430 0320 7950 04BIC GENODES1VBB (VR Bank Ludwigsburg) Vorstand 1. VorsitzendeThomas K\u00e4stlevorstand@judo-steinheim.de 1. VorsitzendeJ\u00fcrgen Aschenbrennervorstand@judo-steinheim.de 2. VorsitzendeTimo H\u00f6nesvorstand@judo-steinheim.de Schriftf\u00fchrereinAnna Petruzzellaschriftfuehrer@judo-steinheim.de SchatzmeisterTobias Zierschatzmeister@judo-steinheim.de ZeugwartThomas Weihrichzeugwart@judo-steinheim.de SportwartPeter Br\u00fccksportwart@judo-steinheim.de JugendwartLena Hoffmannjugendwart@judo-steinheim.de<\/p>\n","protected":false},"author":1,"featured_media":0,"parent":0,"menu_order":0,"comment_status":"closed","ping_status":"closed","template":"","meta":{"footnotes":""},"class_list":["post-21","page","type-page","status-publish","hentry"],"_links":{"self":[{"href":"https:\/\/www.judo-steinheim.de\/index.php\/wp-json\/wp\/v2\/pages\/21","targetHints":{"allow":["GET"]}}],"collection":[{"href":"https:\/\/www.judo-steinheim.de\/index.php\/wp-json\/wp\/v2\/pages"}],"about":[{"href":"https:\/\/www.judo-steinheim.de\/index.php\/wp-json\/wp\/v2\/types\/page"}],"author":[{"embeddable":true,"href":"https:\/\/www.judo-steinheim.de\/index.php\/wp-json\/wp\/v2\/users\/1"}],"replies":[{"embeddable":true,"href":"https:\/\/www.judo-steinheim.de\/index.php\/wp-json\/wp\/v2\/comments?post=21"}],"version-history":[{"count":28,"href":"https:\/\/www.judo-steinheim.de\/index.php\/wp-json\/wp\/v2\/pages\/21\/revisions"}],"predecessor-version":[{"id":4807,"href":"https:\/\/www.judo-steinheim.de\/index.php\/wp-json\/wp\/v2\/pages\/21\/revisions\/4807"}],"wp:attachment":[{"href":"https:\/\/www.judo-steinheim.de\/index.php\/wp-json\/wp\/v2\/media?parent=21"}],"curies":[{"name":"wp","href":"https:\/\/api.w.org\/{rel}","templated":true}]}}