{"id":13,"date":"2019-01-05T20:42:33","date_gmt":"2019-01-05T19:42:33","guid":{"rendered":"http:\/\/wordpress.judo-steinheim.de\/?page_id=13"},"modified":"2023-02-07T21:44:27","modified_gmt":"2023-02-07T20:44:27","slug":"erfolge","status":"publish","type":"page","link":"https:\/\/www.judo-steinheim.de\/index.php\/erfolge-2023\/erfolge\/","title":{"rendered":"Erfolge 2020"},"content":{"rendered":"\n<h2 class=\"wp-block-heading\">u15<\/h2>\n\n\n\n<h5 class=\"wp-block-heading\">S\u00fcddeutsche Einzelmeisterschaften<\/h5>\n\n\n\n<p>1. Platz Oskar Becker<\/p>\n\n\n\n<h5 class=\"wp-block-heading\">W\u00fcrttembergische Einzelmeisterschaften<\/h5>\n\n\n\n<p>1. Platz Oskar Becker <br>2. Platz Piet Morlok<br>3. Platz Felix Reuschle<\/p>\n\n\n\n<h2 class=\"wp-block-heading\">u18<\/h2>\n\n\n\n<h5 class=\"wp-block-heading\">W\u00fcrttembergische Einzelmeisterschaften<\/h5>\n\n\n\n<p>2. Platz Franziska Fleischle<\/p>\n\n\n\n<h2 class=\"wp-block-heading\">u21<\/h2>\n\n\n\n<h5 class=\"wp-block-heading\">Baden-W\u00fcrttembergische Einzelmeisterschaften<\/h5>\n\n\n\n<p>1. Platz Eric Stadlmeier<\/p>\n\n\n\n<h2 class=\"wp-block-heading\">Erwachsene<\/h2>\n\n\n\n<h5 class=\"wp-block-heading\">Deutsche Einzelmeisterschaften<\/h5>\n\n\n\n<p>3. Platz Guido Kramer<\/p>\n","protected":false},"excerpt":{"rendered":"<p>u15 S\u00fcddeutsche Einzelmeisterschaften 1. Platz Oskar Becker W\u00fcrttembergische Einzelmeisterschaften 1. Platz Oskar Becker 2. Platz Piet Morlok3. Platz Felix Reuschle u18 W\u00fcrttembergische Einzelmeisterschaften 2. Platz Franziska Fleischle u21 Baden-W\u00fcrttembergische Einzelmeisterschaften 1. Platz Eric Stadlmeier Erwachsene Deutsche Einzelmeisterschaften 3. Platz Guido Kramer<\/p>\n","protected":false},"author":1,"featured_media":0,"parent":4376,"menu_order":0,"comment_status":"closed","ping_status":"closed","template":"","meta":{"footnotes":""},"class_list":["post-13","page","type-page","status-publish","hentry"],"_links":{"self":[{"href":"https:\/\/www.judo-steinheim.de\/index.php\/wp-json\/wp\/v2\/pages\/13","targetHints":{"allow":["GET"]}}],"collection":[{"href":"https:\/\/www.judo-steinheim.de\/index.php\/wp-json\/wp\/v2\/pages"}],"about":[{"href":"https:\/\/www.judo-steinheim.de\/index.php\/wp-json\/wp\/v2\/types\/page"}],"author":[{"embeddable":true,"href":"https:\/\/www.judo-steinheim.de\/index.php\/wp-json\/wp\/v2\/users\/1"}],"replies":[{"embeddable":true,"href":"https:\/\/www.judo-steinheim.de\/index.php\/wp-json\/wp\/v2\/comments?post=13"}],"version-history":[{"count":12,"href":"https:\/\/www.judo-steinheim.de\/index.php\/wp-json\/wp\/v2\/pages\/13\/revisions"}],"predecessor-version":[{"id":3602,"href":"https:\/\/www.judo-steinheim.de\/index.php\/wp-json\/wp\/v2\/pages\/13\/revisions\/3602"}],"up":[{"embeddable":true,"href":"https:\/\/www.judo-steinheim.de\/index.php\/wp-json\/wp\/v2\/pages\/4376"}],"wp:attachment":[{"href":"https:\/\/www.judo-steinheim.de\/index.php\/wp-json\/wp\/v2\/media?parent=13"}],"curies":[{"name":"wp","href":"https:\/\/api.w.org\/{rel}","templated":true}]}}